{"id":594,"date":"2026-03-12T15:58:23","date_gmt":"2026-03-12T18:58:23","guid":{"rendered":"https:\/\/eyxo.com.br\/?page_id=66"},"modified":"2026-04-02T11:13:06","modified_gmt":"2026-04-02T14:13:06","slug":"politica-de-privacidade","status":"publish","type":"page","link":"https:\/\/eyxo.com.br\/es\/politica-de-privacidade\/","title":{"rendered":"Pol\u00edtica de privacidad"},"content":{"rendered":"<div data-elementor-type=\"wp-page\" data-elementor-id=\"594\" class=\"elementor elementor-594\" data-elementor-post-type=\"page\">\n\t\t\t\t<div class=\"elementor-element elementor-element-2dabbae e-flex e-con-boxed e-con e-parent\" data-id=\"2dabbae\" data-element_type=\"container\" data-e-type=\"container\">\n\t\t\t\t\t<div class=\"e-con-inner\">\n\t\t\t\t<div class=\"elementor-element elementor-element-8d95873 elementor-widget elementor-widget-heading\" data-id=\"8d95873\" data-element_type=\"widget\" data-e-type=\"widget\" data-widget_type=\"heading.default\">\n\t\t\t\t\t<h2 class=\"elementor-heading-title elementor-size-default\">Pol\u00edtica de privacidade da eyxo<\/h2>\t\t\t\t<\/div>\n\t\t\t\t<div class=\"elementor-element elementor-element-2123329 elementor-widget elementor-widget-text-editor\" data-id=\"2123329\" data-element_type=\"widget\" data-e-type=\"widget\" data-widget_type=\"text-editor.default\">\n\t\t\t\t\t\t\t\t\tN\u00f3s, da Eyxo Estrat\u00e9gias de Inova\u00e7\u00e3o LTDA. (referida como \u201cEyxo\u201d, \u201cn\u00f3s\u201d ou \u201cnossa\u201d), estamos comprometidos em resguardar e respeitar a sua privacidade, assim como proteger os seus dados pessoais. Esta pol\u00edtica de privacidade informa como coletamos, tratamos e protegemos os seus dados quando voc\u00ea visita nosso website ou \u00e9 impactado por nossas comunica\u00e7\u00f5es; e fala sobre direitos de privacidade.\u00a0<strong>Para a Eyxo, a sua privacidade \u00e9 muito importante. Por isso, tomamos todas as medidas para proteg\u00ea-la.<\/strong>\t\t\t\t\t\t\t\t<\/div>\n\t\t\t\t<div class=\"elementor-element elementor-element-8dd9cfa elementor-widget elementor-widget-heading\" data-id=\"8dd9cfa\" data-element_type=\"widget\" data-e-type=\"widget\" data-widget_type=\"heading.default\">\n\t\t\t\t\t<h2 class=\"elementor-heading-title elementor-size-default\">OBJETIVO DA POL\u00cdTICA\n<\/h2>\t\t\t\t<\/div>\n\t\t\t\t<div class=\"elementor-element elementor-element-4f13e00 elementor-widget elementor-widget-text-editor\" data-id=\"4f13e00\" data-element_type=\"widget\" data-e-type=\"widget\" data-widget_type=\"text-editor.default\">\n\t\t\t\t\t\t\t\t\t<p>Esta Pol\u00edtica de Privacidade tem a inten\u00e7\u00e3o de informar como a Eyxo coleta e processa seus dados pessoais atrav\u00e9s do acesso ao nosso website, incluindo dados que voc\u00ea pode nos dar atrav\u00e9s da navega\u00e7\u00e3o ou ent\u00e3o quando voc\u00ea se inscreve na nossa newsletter (Eyxonews). Para oferecer nossos servi\u00e7os e estabelecer uma comunica\u00e7\u00e3o com voc\u00ea, a Eyxo recolhe somente dados e informa\u00e7\u00f5es que s\u00e3o necess\u00e1rios para as finalidades informadas pela Eyxo e o nosso intuito \u00e9, sobretudo, de trazer uma experi\u00eancia cada vez melhor para o nosso p\u00fablico. Este documento foi escrito da forma mais acess\u00edvel poss\u00edvel para que voc\u00ea saiba de forma f\u00e1cil como n\u00f3s utilizamos os seus dados e sinta-se tranquilo para utilizar os nossos servi\u00e7os.<\/p>\t\t\t\t\t\t\t\t<\/div>\n\t\t\t\t<div class=\"elementor-element elementor-element-4eaea99 elementor-widget elementor-widget-heading\" data-id=\"4eaea99\" data-element_type=\"widget\" data-e-type=\"widget\" data-widget_type=\"heading.default\">\n\t\t\t\t\t<h2 class=\"elementor-heading-title elementor-size-default\">LINKS DE TERCEIROS\n<\/h2>\t\t\t\t<\/div>\n\t\t\t\t<div class=\"elementor-element elementor-element-cf82ab4 elementor-widget elementor-widget-text-editor\" data-id=\"cf82ab4\" data-element_type=\"widget\" data-e-type=\"widget\" data-widget_type=\"text-editor.default\">\n\t\t\t\t\t\t\t\t\t<p>Se voc\u00ea clicar em links de terceiros, plug-ins e aplica\u00e7\u00f5es, voc\u00ea estabelecer\u00e1 conex\u00f5es fora da esfera de atua\u00e7\u00e3o da Eyxo. A Eyxo n\u00e3o compartilha seus dados pessoais com esses terceiros e tamb\u00e9m n\u00e3o controla estes terceiros ou suas a\u00e7\u00f5es, e por isso n\u00e3o se responsabiliza pelas suas pol\u00edticas de privacidade.<\/p>\t\t\t\t\t\t\t\t<\/div>\n\t\t\t\t<div class=\"elementor-element elementor-element-fb974ac elementor-widget elementor-widget-heading\" data-id=\"fb974ac\" data-element_type=\"widget\" data-e-type=\"widget\" data-widget_type=\"heading.default\">\n\t\t\t\t\t<h2 class=\"elementor-heading-title elementor-size-default\">DADOS QUE COLETAMOS SOBRE VOC\u00ca\n<\/h2>\t\t\t\t<\/div>\n\t\t\t\t<div class=\"elementor-element elementor-element-d651c2a elementor-widget elementor-widget-text-editor\" data-id=\"d651c2a\" data-element_type=\"widget\" data-e-type=\"widget\" data-widget_type=\"text-editor.default\">\n\t\t\t\t\t\t\t\t\t<p>A Eyxo coleta somente os dados que voc\u00ea nos fornece e que s\u00e3o necess\u00e1rios, de acordo com as finalidades informadas pela Eyxo. Eles podem ser:<\/p><ul><li><strong>Dados pessoais:<\/strong>\u00a0primeiro nome, nome do meio, sobrenome, nome de usu\u00e1rio, e-mail, cargo e organiza\u00e7\u00e3o na qual voc\u00ea trabalha.<\/li><li><strong>Documentos:<\/strong>\u00a0anexos enviados na aba \u201cvagas\u201d do site.<\/li><\/ul><p>N\u00f3s tamb\u00e9m coletamos \u201caggregated data\u201d como estat\u00edsticas e demogr\u00e1ficos para finalidades t\u00e9cnicas sem identificar a titularidade de tais dados. Utilizamos estes dados para estat\u00edsticas como, por exemplo, do acesso nas nossas redes sociais ou newsletter.<br \/>N\u00e3o \u00e9 de nosso interesse coletar dados de categorias especiais como ra\u00e7a, etnia, religi\u00e3o, cren\u00e7as, orienta\u00e7\u00e3o sexual, opini\u00e3o pol\u00edtica, informa\u00e7\u00f5es sobre sa\u00fade e gen\u00e9tica ou dados biom\u00e9tricos, entre outros. Todavia, se voc\u00ea tiver interesse em compartilhar com a Eyxo dados pessoais em respeito \u00e0 diversidade, equidade e inclus\u00e3o, a Eyxo tratara esses dados respeitando a sua privacidade e respeitando os preceitos da LGPD, bem como observando as medidas de seguran\u00e7a f\u00edsica e digital adequadas. N\u00f3s n\u00e3o coletamos nenhuma informa\u00e7\u00e3o sobre ofensas ou convic\u00e7\u00f5es criminais.<\/p>\t\t\t\t\t\t\t\t<\/div>\n\t\t\t\t<div class=\"elementor-element elementor-element-ea6d7a9 elementor-widget elementor-widget-heading\" data-id=\"ea6d7a9\" data-element_type=\"widget\" data-e-type=\"widget\" data-widget_type=\"heading.default\">\n\t\t\t\t\t<h2 class=\"elementor-heading-title elementor-size-default\">COMO SEUS DADOS PESSOAIS S\u00c3O COLETADOS<\/h2>\t\t\t\t<\/div>\n\t\t\t\t<div class=\"elementor-element elementor-element-1ac302e elementor-widget elementor-widget-text-editor\" data-id=\"1ac302e\" data-element_type=\"widget\" data-e-type=\"widget\" data-widget_type=\"text-editor.default\">\n\t\t\t\t\t\t\t\t\t<p>N\u00f3s utilizamos diferentes meios para coletar dados:<\/p><ul><li><strong>Intera\u00e7\u00f5es diretas:<\/strong>\u00a0voc\u00ea pode nos fornecer a sua identidade e contato ao preencher formul\u00e1rios ou entrando em contato conosco por e-mail, telefone, mensagem ou outros meios. Isso inclui dados pessoais fornecidos quando:<ul><li>voc\u00ea contrata um servi\u00e7o nosso;<\/li><li>voc\u00ea fornece informa\u00e7\u00f5es para participar de um processo seletivo nosso;<\/li><li>voc\u00ea se inscreve na nossa newsletter;<\/li><li>voc\u00ea manda uma mensagem de formul\u00e1rio no nosso site;<\/li><li>voc\u00ea nos traz um feedback por algum canal de comunica\u00e7\u00e3o.<\/li><\/ul><\/li><li><strong>Tecnologias automatizadas ou intera\u00e7\u00f5es:<\/strong>\u00a0quando voc\u00ea interage com o nosso website, coletamos dados t\u00e9cnicos sobre o seu equipamento, browser e padr\u00f5es.<\/li><li><strong>Dados de terceiros ou dados p\u00fablicos:<\/strong>\u00a0n\u00f3s podemos receber dados pessoais seus, advindos de diferentes terceiros, como por exemplo:<ul><li>provedores de analytics, como por exemplo o Google;<\/li><li>empresas de publicidade;<\/li><li>informa\u00e7\u00f5es de buscadores.<\/li><\/ul><\/li><li><strong>Acesso ao site::<\/strong>\u00a0quando voc\u00ea visita o nosso site, pode ser inserido um \u201ccookie\u201d no navegador atrav\u00e9s do Google Analytics, com o intuito de saber quantas vezes voc\u00ea visitou o nosso website. S\u00e3o recolhidas informa\u00e7\u00f5es como sua localiza\u00e7\u00e3o, tipo de navegador, tempo de visita, p\u00e1ginas visitadas e endere\u00e7o IP.<\/li><\/ul>\t\t\t\t\t\t\t\t<\/div>\n\t\t\t\t<div class=\"elementor-element elementor-element-29950eb elementor-widget elementor-widget-heading\" data-id=\"29950eb\" data-element_type=\"widget\" data-e-type=\"widget\" data-widget_type=\"heading.default\">\n\t\t\t\t\t<h2 class=\"elementor-heading-title elementor-size-default\">COMO UTILIZAMOS OS SEUS DADOS PESSOAIS\n<\/h2>\t\t\t\t<\/div>\n\t\t\t\t<div class=\"elementor-element elementor-element-dbd40f6 elementor-widget elementor-widget-text-editor\" data-id=\"dbd40f6\" data-element_type=\"widget\" data-e-type=\"widget\" data-widget_type=\"text-editor.default\">\n\t\t\t\t\t\t\t\t\t<p>Segue uma descri\u00e7\u00e3o das formas que planejamos utilizar os seus dados. Tamb\u00e9m identificamos o que s\u00e3o interesses leg\u00edtimos e formas apropriadas de utiliza\u00e7\u00e3o:<\/p><ul><li>Para estarmos em contato com voc\u00ea (e-mail, nome, organiza\u00e7\u00e3o e cargo) \u2013 envio de newsletter, convite para participar de pesquisas, notificar voc\u00ea sobre mudan\u00e7as na nossa privacidade.<\/li><li>Para entregar conte\u00fados relevantes e publicidades que possamos medir e entender a efetividade delas para voc\u00ea.<\/li><li>Para melhorar o nosso site, newsletter e outros produtos\/servi\u00e7os, marketing, rela\u00e7\u00e3o com clientes e experi\u00eancias.<\/li><\/ul>\t\t\t\t\t\t\t\t<\/div>\n\t\t\t\t<div class=\"elementor-element elementor-element-3237a64 elementor-widget elementor-widget-heading\" data-id=\"3237a64\" data-element_type=\"widget\" data-e-type=\"widget\" data-widget_type=\"heading.default\">\n\t\t\t\t\t<h2 class=\"elementor-heading-title elementor-size-default\">MARKETING<\/h2>\t\t\t\t<\/div>\n\t\t\t\t<div class=\"elementor-element elementor-element-dc142a9 elementor-widget elementor-widget-text-editor\" data-id=\"dc142a9\" data-element_type=\"widget\" data-e-type=\"widget\" data-widget_type=\"text-editor.default\">\n\t\t\t\t\t\t\t\t\t<p>Se voc\u00ea fornecer o seu consentimento, voc\u00ea pode receber nossas comunica\u00e7\u00f5es de marketing.<br \/><strong>Opting out:<\/strong>Voc\u00ea pode nos pedir para parar de receber mensagens de marketing nossas a qualquer momento, seguindo opt-out links ou qualquer mensagem de marketing enviada para voc\u00ea ou nos contatando a qualquer momento no endere\u00e7o contato@eyxo.com.br.<br \/><strong>Finalidade do tratamento:<\/strong>n\u00f3s utilizaremos os seus dados somente para finalidade determinada e informada pr\u00e9vio consentimento, exceto quando necess\u00e1rio para cumprimento de requisitos de lei ou para cumprir os requisitos do Sistema B.<\/p>\t\t\t\t\t\t\t\t<\/div>\n\t\t\t\t<div class=\"elementor-element elementor-element-937111e elementor-widget elementor-widget-heading\" data-id=\"937111e\" data-element_type=\"widget\" data-e-type=\"widget\" data-widget_type=\"heading.default\">\n\t\t\t\t\t<h2 class=\"elementor-heading-title elementor-size-default\">SEGURAN\u00c7A DOS DADOS\n<\/h2>\t\t\t\t<\/div>\n\t\t\t\t<div class=\"elementor-element elementor-element-bd9f240 elementor-widget elementor-widget-text-editor\" data-id=\"bd9f240\" data-element_type=\"widget\" data-e-type=\"widget\" data-widget_type=\"text-editor.default\">\n\t\t\t\t\t\t\t\t\t<p>N\u00f3s tomamos as medidas de seguran\u00e7a apropriadas para preven\u00e7\u00e3o de vazamentos. Al\u00e9m disso, limitamos o acesso aos dados pessoais para os funcion\u00e1rios, agentes ou terceiros a somente o que for estritamente necess\u00e1rio \u00e0 execu\u00e7\u00e3o das finalidades. Eles somente v\u00e3o processar os seus dados pessoais com nossas instru\u00e7\u00f5es e sabem que est\u00e3o sujeitos a confidencialidade.<br \/>Nenhum dado pessoal poder\u00e1 ser divulgado publicamente e todas as nossas informa\u00e7\u00f5es s\u00e3o protegidas com senha. Isso \u00e9 importante para evitar acessos n\u00e3o autorizados. Lembramos que n\u00e3o existem m\u00e9todos de transmiss\u00e3o ou armazenamento na internet completamente seguros; portanto, n\u00e3o podemos garantir absoluta seguran\u00e7a, por\u00e9m tomamos as medidas adequadas, de acordo com uma avalia\u00e7\u00e3o dos riscos.<\/p>\t\t\t\t\t\t\t\t<\/div>\n\t\t\t\t<div class=\"elementor-element elementor-element-b5fc091 elementor-widget elementor-widget-heading\" data-id=\"b5fc091\" data-element_type=\"widget\" data-e-type=\"widget\" data-widget_type=\"heading.default\">\n\t\t\t\t\t<h2 class=\"elementor-heading-title elementor-size-default\">ARMAZENAMENTO DE DADOS\n<\/h2>\t\t\t\t<\/div>\n\t\t\t\t<div class=\"elementor-element elementor-element-e6b2b3c elementor-widget elementor-widget-text-editor\" data-id=\"e6b2b3c\" data-element_type=\"widget\" data-e-type=\"widget\" data-widget_type=\"text-editor.default\">\n\t\t\t\t\t\t\t\t\t<p>N\u00f3s armazenamos os seus dados pelo tempo necess\u00e1rio para cumprir com os prop\u00f3sitos que os coletamos, inclusive com prop\u00f3sitos legais. Para determinar o tempo necess\u00e1rio, considerarmos o tempo, natureza, potencial risco e aplica\u00e7\u00f5es legais.<\/p>\t\t\t\t\t\t\t\t<\/div>\n\t\t\t\t<div class=\"elementor-element elementor-element-72aef3e elementor-widget elementor-widget-heading\" data-id=\"72aef3e\" data-element_type=\"widget\" data-e-type=\"widget\" data-widget_type=\"heading.default\">\n\t\t\t\t\t<h2 class=\"elementor-heading-title elementor-size-default\">ATUALIZA\u00c7\u00c3O<\/h2>\t\t\t\t<\/div>\n\t\t\t\t<div class=\"elementor-element elementor-element-ac9a91d elementor-widget elementor-widget-text-editor\" data-id=\"ac9a91d\" data-element_type=\"widget\" data-e-type=\"widget\" data-widget_type=\"text-editor.default\">\n\t\t\t\t\t\t\t\t\t<p>A nossa Pol\u00edtica de Privacidade pode eventualmente passar por atualiza\u00e7\u00f5es. Por isso, recomendamos a visita com frequ\u00eancia desta p\u00e1gina. Caso seja necess\u00e1rio fazer altera\u00e7\u00f5es relevantes, que necessitem de outras autoriza\u00e7\u00f5es da sua parte, publicaremos um novo documento de pol\u00edtica de privacidade.<\/p>\t\t\t\t\t\t\t\t<\/div>\n\t\t\t\t<div class=\"elementor-element elementor-element-f7c3218 elementor-widget elementor-widget-heading\" data-id=\"f7c3218\" data-element_type=\"widget\" data-e-type=\"widget\" data-widget_type=\"heading.default\">\n\t\t\t\t\t<h2 class=\"elementor-heading-title elementor-size-default\">RESTRI\u00c7\u00c3O<\/h2>\t\t\t\t<\/div>\n\t\t\t\t<div class=\"elementor-element elementor-element-8988004 elementor-widget elementor-widget-text-editor\" data-id=\"8988004\" data-element_type=\"widget\" data-e-type=\"widget\" data-widget_type=\"text-editor.default\">\n\t\t\t\t\t\t\t\t\t<p>A Eyxo \u00e9 uma empresa de comunica\u00e7\u00e3o que trabalha com clientes de diferentes tamanhos e segmentos. Esta pol\u00edtica se restringe \u00e0s comunica\u00e7\u00f5es que utilizem a marca da Eyxo e n\u00e3o as de seus clientes que s\u00e3o de responsabilidade destes.<\/p>\t\t\t\t\t\t\t\t<\/div>\n\t\t\t\t<div class=\"elementor-element elementor-element-d99a307 elementor-widget elementor-widget-heading\" data-id=\"d99a307\" data-element_type=\"widget\" data-e-type=\"widget\" data-widget_type=\"heading.default\">\n\t\t\t\t\t<h2 class=\"elementor-heading-title elementor-size-default\">LEI APLIC\u00c1VEL\n<\/h2>\t\t\t\t<\/div>\n\t\t\t\t<div class=\"elementor-element elementor-element-e113319 elementor-widget elementor-widget-text-editor\" data-id=\"e113319\" data-element_type=\"widget\" data-e-type=\"widget\" data-widget_type=\"text-editor.default\">\n\t\t\t\t\t\t\t\t\t<p>Este documento \u00e9 regido e deve ser interpretado de acordo com as leis da Rep\u00fablica Federativa do Brasil. Fica eleito o Foro da Comarca de Porto Alegre, Rio Grande do Sul, como competente para dirimir eventuais quest\u00f5es oriundas do presente documento, com expressa ren\u00fancia a qualquer outro.<\/p>\t\t\t\t\t\t\t\t<\/div>\n\t\t\t\t<div class=\"elementor-element elementor-element-b3506b7 elementor-widget elementor-widget-heading\" data-id=\"b3506b7\" data-element_type=\"widget\" data-e-type=\"widget\" data-widget_type=\"heading.default\">\n\t\t\t\t\t<h2 class=\"elementor-heading-title elementor-size-default\">RESGUARDO E PROTE\u00c7\u00c3O DOS NOSSOS DIREITOS\n<\/h2>\t\t\t\t<\/div>\n\t\t\t\t<div class=\"elementor-element elementor-element-8e4422b elementor-widget elementor-widget-text-editor\" data-id=\"8e4422b\" data-element_type=\"widget\" data-e-type=\"widget\" data-widget_type=\"text-editor.default\">\n\t\t\t\t\t\t\t\t\t<p>Reservamo-nos o direito de acessar, ler, preservar e divulgar quaisquer Dados que acreditamos serem necess\u00e1rios para cumprir uma obriga\u00e7\u00e3o legal ou uma ordem judicial; fazer cumprir esta Pol\u00edtica de Privacidade e outros acordos; ou proteger os direitos, propriedade ou seguran\u00e7a da Eyxo, nossos funcion\u00e1rios, usu\u00e1rios ou outros.<\/p>\t\t\t\t\t\t\t\t<\/div>\n\t\t\t\t<div class=\"elementor-element elementor-element-ee9543d elementor-widget elementor-widget-heading\" data-id=\"ee9543d\" data-element_type=\"widget\" data-e-type=\"widget\" data-widget_type=\"heading.default\">\n\t\t\t\t\t<h2 class=\"elementor-heading-title elementor-size-default\">SEUS DIREITOS\n<\/h2>\t\t\t\t<\/div>\n\t\t\t\t<div class=\"elementor-element elementor-element-c6cd156 elementor-widget elementor-widget-text-editor\" data-id=\"c6cd156\" data-element_type=\"widget\" data-e-type=\"widget\" data-widget_type=\"text-editor.default\">\n\t\t\t\t\t\t\t\t\t<p>Voc\u00ea sempre poder\u00e1 optar em n\u00e3o divulgar seus Dados Pessoais para a Eyxo, mas tenha ci\u00eancia que alguns desses Dados podem ser necess\u00e1rios para efetivamente usufruir de nossos servi\u00e7os. Independentemente disso, voc\u00ea sempre possuir\u00e1 direitos relativos \u00e0 privacidade e \u00e0 prote\u00e7\u00e3o dos seus Dados Pessoais. Al\u00e9m de nos preocuparmos com a seguran\u00e7a desses Dados, tamb\u00e9m nos preocupamos que voc\u00ea tenha acesso e conhecimento de todos os direitos relativos ao tratamento de seus Dados Pessoais.<br \/>Nesse sentido, expomos abaixo uma breve explica\u00e7\u00e3o e exemplos sobre alguns desses direitos:<\/p><ul><li><strong>Requisi\u00e7\u00e3o de acesso aos seus Dados Pessoais<\/strong>\u00a0\u2013 Este direito permite que voc\u00ea possa requisitar e receber uma c\u00f3pia dos seus Dados Pessoais que possu\u00edmos sobre voc\u00ea.<\/li><li><strong>Requisi\u00e7\u00e3o de retifica\u00e7\u00e3o dos seus Dados Pessoais<\/strong>\u00a0\u2013 Este direito permite que voc\u00ea, a qualquer momento, solicite a corre\u00e7\u00e3o e\/ou retifica\u00e7\u00e3o dos seus Dados Pessoais, caso voc\u00ea identifique que alguns deles est\u00e3o incorretos. Contudo, para ser efetivada essa corre\u00e7\u00e3o, possivelmente, precisaremos checar a validade dos Dados que voc\u00ea nos fornece.<\/li><li><strong>Requisi\u00e7\u00e3o de exclus\u00e3o ou cancelamento dos seus Dados Pessoais<\/strong>\u00a0\u2013 Este direito permite que voc\u00ea solicite a exclus\u00e3o dos seus Dados Pessoais da nossa base de dados. Todos os Dados coletados ser\u00e3o exclu\u00eddos de nossos servidores quando voc\u00ea assim requisitar ou quando estes n\u00e3o forem mais necess\u00e1rios ou relevantes para lhe oferecermos os nossos servi\u00e7os, salvo se houver qualquer outra raz\u00e3o para a sua manuten\u00e7\u00e3o, como eventual obriga\u00e7\u00e3o legal de reten\u00e7\u00e3o de Dados ou necessidade de preserva\u00e7\u00e3o destes para resguardo de nossos direitos.<\/li><li><strong>Direito de obje\u00e7\u00e3o ao tratamento de Dados Pessoais<\/strong>\u00a0\u2013 Voc\u00ea tamb\u00e9m tem o direito de contestar onde e em que contexto estamos tratando seus Dados Pessoais para diferentes finalidades. Em determinadas situa\u00e7\u00f5es, podemos demonstrar que temos motivos leg\u00edtimos para tratar seus Dados, os quais se sobrep\u00f5em aos seus direitos.<\/li><li><strong>Direito de revogar o consentimento a qualquer momento<\/strong>\u00a0\u2013 Voc\u00ea tem o direito de revogar o seu consentimento, no entanto, isso n\u00e3o afetar\u00e1 a legalidade de qualquer processamento realizado antes de voc\u00ea retirar o seu consentimento. Se voc\u00ea retirar o seu consentimento, talvez n\u00e3o possamos fornecer determinados servi\u00e7os. E se for este o caso, iremos avis\u00e1-lo quando isso ocorrer. Talvez seja necess\u00e1rio solicitar informa\u00e7\u00f5es espec\u00edficas suas para nos ajudar a confirmar sua identidade e garantir seu direito de acessar seus Dados Pessoais (ou de exercer seus outros direitos). Esta \u00e9 uma medida de seguran\u00e7a para garantir que os Dados Pessoais n\u00e3o sejam divulgados a qualquer pessoa que n\u00e3o tenha direito de receb\u00ea-los.<\/li><\/ul><p>Tentamos responder a todas as solicita\u00e7\u00f5es leg\u00edtimas dentro de 20 (vinte) dias. Ocasionalmente, esse prazo poder\u00e1 ser estendido se sua solicita\u00e7\u00e3o for particularmente complexa ou se voc\u00ea tiver feito v\u00e1rias solicita\u00e7\u00f5es. Neste caso, poder\u00e1 ser solicitada atualiza\u00e7\u00e3o sobre o andamento de sua solicita\u00e7\u00e3o ou voc\u00ea poder\u00e1 ser contatado para obtermos mais informa\u00e7\u00f5es em rela\u00e7\u00e3o sua solicita\u00e7\u00e3o e acelerarmos nossa resposta.<br \/>Para exercer quaisquer destes direitos voc\u00ea poder\u00e1 nos contatar por meio dos canais dispon\u00edveis nesta \u201cPol\u00edtica\u201d.<\/p>\t\t\t\t\t\t\t\t<\/div>\n\t\t\t\t<div class=\"elementor-element elementor-element-e846df6 elementor-widget elementor-widget-heading\" data-id=\"e846df6\" data-element_type=\"widget\" data-e-type=\"widget\" data-widget_type=\"heading.default\">\n\t\t\t\t\t<h2 class=\"elementor-heading-title elementor-size-default\">CANAIS DE CONTATO<\/h2>\t\t\t\t<\/div>\n\t\t\t\t<div class=\"elementor-element elementor-element-d258418 elementor-widget elementor-widget-text-editor\" data-id=\"d258418\" data-element_type=\"widget\" data-e-type=\"widget\" data-widget_type=\"text-editor.default\">\n\t\t\t\t\t\t\t\t\t<p>O usu\u00e1rio poder\u00e1 esclarecer qualquer d\u00favida em rela\u00e7\u00e3o \u00e0 presente \u201cPol\u00edtica\u201d, bem como solicitar quaisquer de seus direitos, por meio:<br \/><strong>Correio eletr\u00f4nico:<\/strong>contato@eyxo.com.br<br \/><strong>Correio postal:<\/strong>Avenida Doutor Nilo Pe\u00e7anha, 1500, Salas 18 a 22, Bairro Boa Vista \u2013 CEP 91.330-002, Porto Alegre\/RS.<\/p>\t\t\t\t\t\t\t\t<\/div>\n\t\t\t\t\t<\/div>\n\t\t\t\t<\/div>\n\t\t\t\t<\/div>","protected":false},"excerpt":{"rendered":"<p>Pol\u00edtica de privacidade da eyxo N\u00f3s, da Eyxo Estrat\u00e9gias de Inova\u00e7\u00e3o LTDA. (referida como \u201cEyxo\u201d, \u201cn\u00f3s\u201d ou \u201cnossa\u201d), estamos comprometidos em resguardar e respeitar a sua privacidade, assim como proteger os seus dados pessoais. Esta pol\u00edtica de privacidade informa como coletamos, tratamos e protegemos os seus dados quando voc\u00ea visita nosso website ou \u00e9 impactado [&hellip;]<\/p>\n","protected":false},"author":1,"featured_media":0,"parent":0,"menu_order":0,"comment_status":"closed","ping_status":"closed","template":"","meta":{"_acf_changed":false,"footnotes":""},"class_list":["post-594","page","type-page","status-publish","hentry"],"acf":[],"_hostinger_reach_plugin_has_subscription_block":false,"_hostinger_reach_plugin_is_elementor":false,"_links":{"self":[{"href":"https:\/\/eyxo.com.br\/es\/wp-json\/wp\/v2\/pages\/594","targetHints":{"allow":["GET"]}}],"collection":[{"href":"https:\/\/eyxo.com.br\/es\/wp-json\/wp\/v2\/pages"}],"about":[{"href":"https:\/\/eyxo.com.br\/es\/wp-json\/wp\/v2\/types\/page"}],"author":[{"embeddable":true,"href":"https:\/\/eyxo.com.br\/es\/wp-json\/wp\/v2\/users\/1"}],"replies":[{"embeddable":true,"href":"https:\/\/eyxo.com.br\/es\/wp-json\/wp\/v2\/comments?post=594"}],"version-history":[{"count":30,"href":"https:\/\/eyxo.com.br\/es\/wp-json\/wp\/v2\/pages\/594\/revisions"}],"predecessor-version":[{"id":1682,"href":"https:\/\/eyxo.com.br\/es\/wp-json\/wp\/v2\/pages\/594\/revisions\/1682"}],"wp:attachment":[{"href":"https:\/\/eyxo.com.br\/es\/wp-json\/wp\/v2\/media?parent=594"}],"curies":[{"name":"wp","href":"https:\/\/api.w.org\/{rel}","templated":true}]}}