{"id":592,"date":"2026-03-12T15:52:11","date_gmt":"2026-03-12T18:52:11","guid":{"rendered":"https:\/\/eyxo.com.br\/?page_id=46"},"modified":"2026-04-02T01:39:01","modified_gmt":"2026-04-02T04:39:01","slug":"contato","status":"publish","type":"page","link":"https:\/\/eyxo.com.br\/es\/contato\/","title":{"rendered":"Contacto"},"content":{"rendered":"\t\t<div data-elementor-type=\"wp-page\" data-elementor-id=\"592\" class=\"elementor elementor-592\" data-elementor-post-type=\"page\">\n\t\t\t\t<div class=\"elementor-element elementor-element-0dac672 elementor-hidden-tablet elementor-hidden-mobile e-flex e-con-boxed e-con e-parent\" data-id=\"0dac672\" data-element_type=\"container\" data-e-type=\"container\" data-settings=\"{&quot;background_background&quot;:&quot;classic&quot;}\">\n\t\t\t\t\t<div class=\"e-con-inner\">\n\t\t<div class=\"elementor-element elementor-element-7881997 e-con-full e-flex e-con e-child\" data-id=\"7881997\" data-element_type=\"container\" data-e-type=\"container\">\n\t\t\t\t<div class=\"elementor-element elementor-element-a09d89c elementor-widget elementor-widget-heading\" data-id=\"a09d89c\" data-element_type=\"widget\" data-e-type=\"widget\" data-widget_type=\"heading.default\">\n\t\t\t\t\t<h2 class=\"elementor-heading-title elementor-size-default\">Vamos construir<br>\numa nova hist\u00f3ria?<\/h2>\t\t\t\t<\/div>\n\t\t\t\t<div class=\"elementor-element elementor-element-1678788 elementor-widget-divider--view-line elementor-widget elementor-widget-divider\" data-id=\"1678788\" data-element_type=\"widget\" data-e-type=\"widget\" data-widget_type=\"divider.default\">\n\t\t\t\t\t\t\t<div class=\"elementor-divider\">\n\t\t\t<span class=\"elementor-divider-separator\">\n\t\t\t\t\t\t<\/span>\n\t\t<\/div>\n\t\t\t\t\t\t<\/div>\n\t\t\t\t<div class=\"elementor-element elementor-element-2b81b57 elementor-button-align-start elementor-widget elementor-widget-form\" data-id=\"2b81b57\" data-element_type=\"widget\" data-e-type=\"widget\" data-settings=\"{&quot;step_next_label&quot;:&quot;Next&quot;,&quot;step_previous_label&quot;:&quot;Previous&quot;,&quot;button_width&quot;:&quot;100&quot;,&quot;step_type&quot;:&quot;number_text&quot;,&quot;step_icon_shape&quot;:&quot;circle&quot;}\" data-widget_type=\"form.default\">\n\t\t\t\t\t\t\t<form class=\"elementor-form\" method=\"post\" name=\"newsletter\" aria-label=\"newsletter\">\n\t\t\t<input type=\"hidden\" name=\"post_id\" value=\"592\"\/>\n\t\t\t<input type=\"hidden\" name=\"form_id\" value=\"2b81b57\"\/>\n\t\t\t<input type=\"hidden\" name=\"referer_title\" value=\"Contato\" \/>\n\n\t\t\t\t\t\t\t<input type=\"hidden\" name=\"queried_id\" value=\"592\"\/>\n\t\t\t\n\t\t\t<div class=\"elementor-form-fields-wrapper elementor-labels-\">\n\t\t\t\t\t\t\t\t<div class=\"elementor-field-type-text elementor-field-group elementor-column elementor-field-group-field_e860793 elementor-col-100 elementor-field-required\">\n\t\t\t\t\t\t\t\t\t\t\t\t<label for=\"form-field-field_e860793\" class=\"elementor-field-label elementor-screen-only\">\n\t\t\t\t\t\t\t\tNome\t\t\t\t\t\t\t<\/label>\n\t\t\t\t\t\t\t\t\t\t\t\t\t\t<input size=\"1\" type=\"text\" name=\"form_fields[field_e860793]\" id=\"form-field-field_e860793\" class=\"elementor-field elementor-size-sm  elementor-field-textual\" placeholder=\"Insira seu nome aqui\" required=\"required\">\n\t\t\t\t\t\t\t\t\t\t\t<\/div>\n\t\t\t\t\t\t\t\t<div class=\"elementor-field-type-email elementor-field-group elementor-column elementor-field-group-email elementor-col-100 elementor-field-required\">\n\t\t\t\t\t\t\t\t\t\t\t\t<label for=\"form-field-email\" class=\"elementor-field-label elementor-screen-only\">\n\t\t\t\t\t\t\t\tEmail\t\t\t\t\t\t\t<\/label>\n\t\t\t\t\t\t\t\t\t\t\t\t\t\t<input size=\"1\" type=\"email\" name=\"form_fields[email]\" id=\"form-field-email\" class=\"elementor-field elementor-size-sm  elementor-field-textual\" placeholder=\"Qual seu e-mail?\" required=\"required\">\n\t\t\t\t\t\t\t\t\t\t\t<\/div>\n\t\t\t\t\t\t\t\t<div class=\"elementor-field-type-text elementor-field-group elementor-column elementor-field-group-field_af71cf9 elementor-col-100 elementor-field-required\">\n\t\t\t\t\t\t\t\t\t\t\t\t<label for=\"form-field-field_af71cf9\" class=\"elementor-field-label elementor-screen-only\">\n\t\t\t\t\t\t\t\tAssunto\t\t\t\t\t\t\t<\/label>\n\t\t\t\t\t\t\t\t\t\t\t\t\t\t<input size=\"1\" type=\"text\" name=\"form_fields[field_af71cf9]\" id=\"form-field-field_af71cf9\" class=\"elementor-field elementor-size-sm  elementor-field-textual\" placeholder=\"Sobre qual assunto voc\u00ea quer tratar\" required=\"required\">\n\t\t\t\t\t\t\t\t\t\t\t<\/div>\n\t\t\t\t\t\t\t\t<div class=\"elementor-field-type-textarea elementor-field-group elementor-column elementor-field-group-field_949fe7a elementor-col-100 elementor-field-required\">\n\t\t\t\t\t\t\t\t\t\t\t\t<label for=\"form-field-field_949fe7a\" class=\"elementor-field-label elementor-screen-only\">\n\t\t\t\t\t\t\t\tMensagem\t\t\t\t\t\t\t<\/label>\n\t\t\t\t\t\t<textarea class=\"elementor-field-textual elementor-field  elementor-size-sm\" name=\"form_fields[field_949fe7a]\" id=\"form-field-field_949fe7a\" rows=\"4\" placeholder=\"escreva sua mensagem aqui, vai ser um prazer te ler!\" required=\"required\"><\/textarea>\t\t\t\t<\/div>\n\t\t\t\t\t\t\t\t<div class=\"elementor-field-group elementor-column elementor-field-type-submit elementor-col-100 e-form__buttons\">\n\t\t\t\t\t<button class=\"elementor-button elementor-size-sm\" type=\"submit\">\n\t\t\t\t\t\t<span class=\"elementor-button-content-wrapper\">\n\t\t\t\t\t\t\t\t\t\t\t\t\t\t\t<span class=\"elementor-button-icon\">\n\t\t\t\t\t\t\t\t\t<svg xmlns=\"http:\/\/www.w3.org\/2000\/svg\" width=\"24\" height=\"24\" viewBox=\"0 0 24 24\" fill=\"none\" class=\"\"><g id=\"Vector\"><path d=\"M-1.78996e-06 2.45939e-06L21.1339 0.0215991L23.9783 2.86194L24 24L21.1586 23.997L21.1369 2.85891L0.00302348 2.83552L-1.78996e-06 2.45939e-06Z\" fill=\"black\"><\/path><path d=\"M0.0228079 21.9688L2.03382 23.9769L22.2961 3.74396L20.2851 1.73586L0.0228079 21.9688Z\" fill=\"black\"><\/path><\/g><\/svg>\t\t\t\t\t\t\t\t\t\t\t\t\t\t\t\t\t<\/span>\n\t\t\t\t\t\t\t\t\t\t\t\t\t\t\t\t\t\t\t\t\t\t<span class=\"elementor-button-text\">Fa\u00e7a parte da nossa comunidade<\/span>\n\t\t\t\t\t\t\t\t\t\t\t\t\t<\/span>\n\t\t\t\t\t<\/button>\n\t\t\t\t<\/div>\n\t\t\t<\/div>\n\t\t<\/form>\n\t\t\t\t\t\t<\/div>\n\t\t\t\t<\/div>\n\t\t<div class=\"elementor-element elementor-element-9aa0e6c e-con-full e-flex e-con e-child\" data-id=\"9aa0e6c\" data-element_type=\"container\" data-e-type=\"container\">\n\t\t\t\t<div class=\"elementor-element elementor-element-a08abbd elementor-widget elementor-widget-heading\" data-id=\"a08abbd\" data-element_type=\"widget\" data-e-type=\"widget\" data-widget_type=\"heading.default\">\n\t\t\t\t\t<h2 class=\"elementor-heading-title elementor-size-default\"><strong style=\"font-weight: 600\">Preencha o formul\u00e1rio para falar com a gente.<\/strong> Se preferir, mande e-mail direto para o contato@eyxo.com.br<\/h2>\t\t\t\t<\/div>\n\t\t\t\t<div class=\"elementor-element elementor-element-73da173 elementor-widget elementor-widget-image\" data-id=\"73da173\" data-element_type=\"widget\" data-e-type=\"widget\" data-widget_type=\"image.default\">\n\t\t\t\t\t\t\t\t\t\t\t\t\t\t\t<img fetchpriority=\"high\" decoding=\"async\" width=\"1263\" height=\"1300\" src=\"https:\/\/eyxo.com.br\/wp-content\/uploads\/2026\/03\/eyxo-carreira-eyxo-contato-AAA03903-1263x1300.jpg.avif\" class=\"attachment-full size-full wp-image-845\" alt=\"\" srcset=\"https:\/\/eyxo.com.br\/wp-content\/uploads\/2026\/03\/eyxo-carreira-eyxo-contato-AAA03903-1263x1300.jpg.avif 1263w, https:\/\/eyxo.com.br\/wp-content\/uploads\/2026\/03\/eyxo-carreira-eyxo-contato-AAA03903-1263x1300.jpg-340x350.avif 340w, https:\/\/eyxo.com.br\/wp-content\/uploads\/2026\/03\/eyxo-carreira-eyxo-contato-AAA03903-1263x1300.jpg-874x900.avif 874w, https:\/\/eyxo.com.br\/wp-content\/uploads\/2026\/03\/eyxo-carreira-eyxo-contato-AAA03903-1263x1300.jpg-768x790.avif 768w\" sizes=\"(max-width: 1263px) 100vw, 1263px\" \/>\t\t\t\t\t\t\t\t\t\t\t\t\t\t\t<\/div>\n\t\t\t\t<\/div>\n\t\t\t\t\t<\/div>\n\t\t\t\t<\/div>\n\t\t<div class=\"elementor-element elementor-element-26a2732 elementor-hidden-desktop e-flex e-con-boxed e-con e-parent\" data-id=\"26a2732\" data-element_type=\"container\" data-e-type=\"container\" data-settings=\"{&quot;background_background&quot;:&quot;classic&quot;}\">\n\t\t\t\t\t<div class=\"e-con-inner\">\n\t\t<div class=\"elementor-element elementor-element-386157e e-con-full e-flex e-con e-child\" data-id=\"386157e\" data-element_type=\"container\" data-e-type=\"container\">\n\t\t\t\t<div class=\"elementor-element elementor-element-d5fcc37 elementor-widget elementor-widget-heading\" data-id=\"d5fcc37\" data-element_type=\"widget\" data-e-type=\"widget\" data-widget_type=\"heading.default\">\n\t\t\t\t\t<h2 class=\"elementor-heading-title elementor-size-default\">Vamos construir<br>\numa nova hist\u00f3ria?<\/h2>\t\t\t\t<\/div>\n\t\t\t\t<div class=\"elementor-element elementor-element-7be1cca elementor-widget-divider--view-line elementor-widget elementor-widget-divider\" data-id=\"7be1cca\" data-element_type=\"widget\" data-e-type=\"widget\" data-widget_type=\"divider.default\">\n\t\t\t\t\t\t\t<div class=\"elementor-divider\">\n\t\t\t<span class=\"elementor-divider-separator\">\n\t\t\t\t\t\t<\/span>\n\t\t<\/div>\n\t\t\t\t\t\t<\/div>\n\t\t\t\t<div class=\"elementor-element elementor-element-6fa04c6 elementor-widget elementor-widget-heading\" data-id=\"6fa04c6\" data-element_type=\"widget\" data-e-type=\"widget\" data-widget_type=\"heading.default\">\n\t\t\t\t\t<h2 class=\"elementor-heading-title elementor-size-default\"><strong style=\"font-weight: 600\">Preencha o formul\u00e1rio para falar com a gente.<\/strong> Se preferir, mande e-mail direto para o contato@eyxo.com.br<\/h2>\t\t\t\t<\/div>\n\t\t\t\t<div class=\"elementor-element elementor-element-e1f44f7 elementor-button-align-start elementor-widget elementor-widget-form\" data-id=\"e1f44f7\" data-element_type=\"widget\" data-e-type=\"widget\" data-settings=\"{&quot;step_next_label&quot;:&quot;Next&quot;,&quot;step_previous_label&quot;:&quot;Previous&quot;,&quot;button_width&quot;:&quot;100&quot;,&quot;step_type&quot;:&quot;number_text&quot;,&quot;step_icon_shape&quot;:&quot;circle&quot;}\" data-widget_type=\"form.default\">\n\t\t\t\t\t\t\t<form class=\"elementor-form\" method=\"post\" name=\"newsletter\" aria-label=\"newsletter\">\n\t\t\t<input type=\"hidden\" name=\"post_id\" value=\"592\"\/>\n\t\t\t<input type=\"hidden\" name=\"form_id\" value=\"e1f44f7\"\/>\n\t\t\t<input type=\"hidden\" name=\"referer_title\" value=\"Contato\" \/>\n\n\t\t\t\t\t\t\t<input type=\"hidden\" name=\"queried_id\" value=\"592\"\/>\n\t\t\t\n\t\t\t<div class=\"elementor-form-fields-wrapper elementor-labels-\">\n\t\t\t\t\t\t\t\t<div class=\"elementor-field-type-text elementor-field-group elementor-column elementor-field-group-field_e860793 elementor-col-100 elementor-field-required\">\n\t\t\t\t\t\t\t\t\t\t\t\t<label for=\"form-field-field_e860793\" class=\"elementor-field-label elementor-screen-only\">\n\t\t\t\t\t\t\t\tNome\t\t\t\t\t\t\t<\/label>\n\t\t\t\t\t\t\t\t\t\t\t\t\t\t<input size=\"1\" type=\"text\" name=\"form_fields[field_e860793]\" id=\"form-field-field_e860793\" class=\"elementor-field elementor-size-sm  elementor-field-textual\" placeholder=\"Insira seu nome aqui\" required=\"required\">\n\t\t\t\t\t\t\t\t\t\t\t<\/div>\n\t\t\t\t\t\t\t\t<div class=\"elementor-field-type-email elementor-field-group elementor-column elementor-field-group-email elementor-col-100 elementor-field-required\">\n\t\t\t\t\t\t\t\t\t\t\t\t<label for=\"form-field-email\" class=\"elementor-field-label elementor-screen-only\">\n\t\t\t\t\t\t\t\tEmail\t\t\t\t\t\t\t<\/label>\n\t\t\t\t\t\t\t\t\t\t\t\t\t\t<input size=\"1\" type=\"email\" name=\"form_fields[email]\" id=\"form-field-email\" class=\"elementor-field elementor-size-sm  elementor-field-textual\" placeholder=\"Qual seu e-mail?\" required=\"required\">\n\t\t\t\t\t\t\t\t\t\t\t<\/div>\n\t\t\t\t\t\t\t\t<div class=\"elementor-field-type-text elementor-field-group elementor-column elementor-field-group-field_af71cf9 elementor-col-100 elementor-field-required\">\n\t\t\t\t\t\t\t\t\t\t\t\t<label for=\"form-field-field_af71cf9\" class=\"elementor-field-label elementor-screen-only\">\n\t\t\t\t\t\t\t\tAssunto\t\t\t\t\t\t\t<\/label>\n\t\t\t\t\t\t\t\t\t\t\t\t\t\t<input size=\"1\" type=\"text\" name=\"form_fields[field_af71cf9]\" id=\"form-field-field_af71cf9\" class=\"elementor-field elementor-size-sm  elementor-field-textual\" placeholder=\"Sobre qual assunto voc\u00ea quer tratar\" required=\"required\">\n\t\t\t\t\t\t\t\t\t\t\t<\/div>\n\t\t\t\t\t\t\t\t<div class=\"elementor-field-type-textarea elementor-field-group elementor-column elementor-field-group-field_949fe7a elementor-col-100 elementor-field-required\">\n\t\t\t\t\t\t\t\t\t\t\t\t<label for=\"form-field-field_949fe7a\" class=\"elementor-field-label elementor-screen-only\">\n\t\t\t\t\t\t\t\tMensagem\t\t\t\t\t\t\t<\/label>\n\t\t\t\t\t\t<textarea class=\"elementor-field-textual elementor-field  elementor-size-sm\" name=\"form_fields[field_949fe7a]\" id=\"form-field-field_949fe7a\" rows=\"4\" placeholder=\"escreva sua mensagem aqui, vai ser um prazer te ler!\" required=\"required\"><\/textarea>\t\t\t\t<\/div>\n\t\t\t\t\t\t\t\t<div class=\"elementor-field-group elementor-column elementor-field-type-submit elementor-col-100 e-form__buttons\">\n\t\t\t\t\t<button class=\"elementor-button elementor-size-sm\" type=\"submit\">\n\t\t\t\t\t\t<span class=\"elementor-button-content-wrapper\">\n\t\t\t\t\t\t\t\t\t\t\t\t\t\t\t<span class=\"elementor-button-icon\">\n\t\t\t\t\t\t\t\t\t<svg xmlns=\"http:\/\/www.w3.org\/2000\/svg\" width=\"24\" height=\"24\" viewBox=\"0 0 24 24\" fill=\"none\" class=\"\"><g id=\"Vector\"><path d=\"M-1.78996e-06 2.45939e-06L21.1339 0.0215991L23.9783 2.86194L24 24L21.1586 23.997L21.1369 2.85891L0.00302348 2.83552L-1.78996e-06 2.45939e-06Z\" fill=\"black\"><\/path><path d=\"M0.0228079 21.9688L2.03382 23.9769L22.2961 3.74396L20.2851 1.73586L0.0228079 21.9688Z\" fill=\"black\"><\/path><\/g><\/svg>\t\t\t\t\t\t\t\t\t\t\t\t\t\t\t\t\t<\/span>\n\t\t\t\t\t\t\t\t\t\t\t\t\t\t\t\t\t\t\t\t\t\t<span class=\"elementor-button-text\">Fa\u00e7a parte da nossa comunidade<\/span>\n\t\t\t\t\t\t\t\t\t\t\t\t\t<\/span>\n\t\t\t\t\t<\/button>\n\t\t\t\t<\/div>\n\t\t\t<\/div>\n\t\t<\/form>\n\t\t\t\t\t\t<\/div>\n\t\t\t\t<\/div>\n\t\t<div class=\"elementor-element elementor-element-7bb11c4 e-con-full e-flex e-con e-child\" data-id=\"7bb11c4\" data-element_type=\"container\" data-e-type=\"container\">\n\t\t\t\t<div class=\"elementor-element elementor-element-1e73a82 elementor-widget elementor-widget-image\" data-id=\"1e73a82\" data-element_type=\"widget\" data-e-type=\"widget\" data-widget_type=\"image.default\">\n\t\t\t\t\t\t\t\t\t\t\t\t\t\t\t<img fetchpriority=\"high\" decoding=\"async\" width=\"1263\" height=\"1300\" src=\"https:\/\/eyxo.com.br\/wp-content\/uploads\/2026\/03\/eyxo-carreira-eyxo-contato-AAA03903-1263x1300.jpg.avif\" class=\"attachment-full size-full wp-image-845\" alt=\"\" srcset=\"https:\/\/eyxo.com.br\/wp-content\/uploads\/2026\/03\/eyxo-carreira-eyxo-contato-AAA03903-1263x1300.jpg.avif 1263w, https:\/\/eyxo.com.br\/wp-content\/uploads\/2026\/03\/eyxo-carreira-eyxo-contato-AAA03903-1263x1300.jpg-340x350.avif 340w, https:\/\/eyxo.com.br\/wp-content\/uploads\/2026\/03\/eyxo-carreira-eyxo-contato-AAA03903-1263x1300.jpg-874x900.avif 874w, https:\/\/eyxo.com.br\/wp-content\/uploads\/2026\/03\/eyxo-carreira-eyxo-contato-AAA03903-1263x1300.jpg-768x790.avif 768w\" sizes=\"(max-width: 1263px) 100vw, 1263px\" \/>\t\t\t\t\t\t\t\t\t\t\t\t\t\t\t<\/div>\n\t\t\t\t<\/div>\n\t\t\t\t\t<\/div>\n\t\t\t\t<\/div>\n\t\t\t\t<\/div>\n\t\t","protected":false},"excerpt":{"rendered":"<p>Vamos construir uma nova hist\u00f3ria? Preencha o formul\u00e1rio para falar com a gente. Se preferir, mande e-mail direto para o contato@eyxo.com.br Vamos construir uma nova hist\u00f3ria? Preencha o formul\u00e1rio para falar com a gente. Se preferir, mande e-mail direto para o contato@eyxo.com.br<\/p>","protected":false},"author":1,"featured_media":0,"parent":0,"menu_order":0,"comment_status":"closed","ping_status":"closed","template":"","meta":{"_acf_changed":false,"footnotes":""},"class_list":["post-592","page","type-page","status-publish","hentry"],"acf":[],"_hostinger_reach_plugin_has_subscription_block":false,"_hostinger_reach_plugin_is_elementor":false,"_links":{"self":[{"href":"https:\/\/eyxo.com.br\/es\/wp-json\/wp\/v2\/pages\/592","targetHints":{"allow":["GET"]}}],"collection":[{"href":"https:\/\/eyxo.com.br\/es\/wp-json\/wp\/v2\/pages"}],"about":[{"href":"https:\/\/eyxo.com.br\/es\/wp-json\/wp\/v2\/types\/page"}],"author":[{"embeddable":true,"href":"https:\/\/eyxo.com.br\/es\/wp-json\/wp\/v2\/users\/1"}],"replies":[{"embeddable":true,"href":"https:\/\/eyxo.com.br\/es\/wp-json\/wp\/v2\/comments?post=592"}],"version-history":[{"count":24,"href":"https:\/\/eyxo.com.br\/es\/wp-json\/wp\/v2\/pages\/592\/revisions"}],"predecessor-version":[{"id":1559,"href":"https:\/\/eyxo.com.br\/es\/wp-json\/wp\/v2\/pages\/592\/revisions\/1559"}],"wp:attachment":[{"href":"https:\/\/eyxo.com.br\/es\/wp-json\/wp\/v2\/media?parent=592"}],"curies":[{"name":"wp","href":"https:\/\/api.w.org\/{rel}","templated":true}]}}