{"id":589,"date":"2026-03-12T15:51:47","date_gmt":"2026-03-12T18:51:47","guid":{"rendered":"https:\/\/eyxo.com.br\/?page_id=40"},"modified":"2026-04-07T19:38:22","modified_gmt":"2026-04-07T22:38:22","slug":"eyxo","status":"publish","type":"page","link":"https:\/\/eyxo.com.br\/en\/eyxo\/","title":{"rendered":"Eyxo"},"content":{"rendered":"<div data-elementor-type=\"wp-page\" data-elementor-id=\"589\" class=\"elementor elementor-589\" data-elementor-post-type=\"page\">\n\t\t\t\t<div class=\"elementor-element elementor-element-7d1d616 e-flex e-con-boxed e-con e-parent\" data-id=\"7d1d616\" data-element_type=\"container\" data-e-type=\"container\" data-settings=\"{&quot;background_background&quot;:&quot;classic&quot;}\">\n\t\t\t\t\t<div class=\"e-con-inner\">\n\t\t\t\t<div class=\"elementor-element elementor-element-8662b4c elementor-widget__width-initial elementor-hidden-tablet elementor-hidden-mobile elementor-widget elementor-widget-heading\" data-id=\"8662b4c\" data-element_type=\"widget\" data-e-type=\"widget\" data-widget_type=\"heading.default\">\n\t\t\t\t\t<h2 class=\"elementor-heading-title elementor-size-default\">We are a <span style=\"font-weight: 700\">Content Agency<\/span> that develops brand strategies through <br>dedicated teams.<\/h2>\t\t\t\t<\/div>\n\t\t\t\t<div class=\"elementor-element elementor-element-05edb2d elementor-widget__width-initial elementor-hidden-desktop elementor-widget elementor-widget-heading\" data-id=\"05edb2d\" data-element_type=\"widget\" data-e-type=\"widget\" data-widget_type=\"heading.default\">\n\t\t\t\t\t<h2 class=\"elementor-heading-title elementor-size-default\">We are a <span style=\"font-weight: 700\">Content Agency<\/span> que constr\u00f3i estrat\u00e9gias de marca, atrav\u00e9s de times dedicados de conte\u00fado.<\/h2>\t\t\t\t<\/div>\n\t\t\t\t<div class=\"elementor-element elementor-element-32c386a elementor-widget elementor-widget-heading\" data-id=\"32c386a\" data-element_type=\"widget\" data-e-type=\"widget\" data-widget_type=\"heading.default\">\n\t\t\t\t\t<h2 class=\"elementor-heading-title elementor-size-default\">We focus on strategy, ideas, and production for businesses throughout Latin America.\n\n<\/h2>\t\t\t\t<\/div>\n\t\t\t\t<div class=\"elementor-element elementor-element-30a54a3 elementor-view-default elementor-widget elementor-widget-icon\" data-id=\"30a54a3\" data-element_type=\"widget\" data-e-type=\"widget\" data-widget_type=\"icon.default\">\n\t\t\t\t\t\t\t<div class=\"elementor-icon-wrapper\">\n\t\t\t<div class=\"elementor-icon\">\n\t\t\t<svg xmlns=\"http:\/\/www.w3.org\/2000\/svg\" width=\"47\" height=\"36\" viewbox=\"0 0 47 36\" fill=\"none\" class=\"\"><path d=\"M46.1279 16L26.1823 35.9048L20.8226 35.9087L0.873047 16L3.55482 13.3239L23.5044 33.2327L43.4517 13.3295L46.1279 16Z\" fill=\"white\"><\/path><\/svg>\t\t\t<\/div>\n\t\t<\/div>\n\t\t\t\t\t\t<\/div>\n\t\t\t\t\t<\/div>\n\t\t\t\t<\/div>\n\t\t<div class=\"elementor-element elementor-element-11554ca e-flex e-con-boxed e-con e-parent\" data-id=\"11554ca\" data-element_type=\"container\" data-e-type=\"container\">\n\t\t\t\t\t<div class=\"e-con-inner\">\n\t\t\t\t<div class=\"elementor-element elementor-element-222cd6e elementor-widget elementor-widget-video\" data-id=\"222cd6e\" data-element_type=\"widget\" data-e-type=\"widget\" data-settings=\"{&quot;video_type&quot;:&quot;vimeo&quot;}\" data-widget_type=\"video.default\">\n\t\t\t\t\t\t\t<div class=\"elementor-wrapper elementor-open-inline\">\n\t\t\t<iframe class=\"elementor-video-iframe\" allowfullscreen allow=\"clipboard-write\" title=\"Reprodutor de v\u00eddeo vimeo\" src=\"https:\/\/player.vimeo.com\/video\/1110399794?color&amp;autopause=0&amp;loop=0&amp;muted=0&amp;title=1&amp;portrait=1&amp;byline=1&amp;h=77a78d10d0#t=\"><\/iframe>\t\t<\/div>\n\t\t\t\t\t\t<\/div>\n\t\t\t\t\t<\/div>\n\t\t\t\t<\/div>\n\t\t<div class=\"elementor-element elementor-element-298668a elementor-hidden-tablet elementor-hidden-mobile e-flex e-con-boxed e-con e-parent\" data-id=\"298668a\" data-element_type=\"container\" data-e-type=\"container\">\n\t\t\t\t\t<div class=\"e-con-inner\">\n\t\t<div class=\"elementor-element elementor-element-1ffa565 e-con-full e-flex e-con e-child\" data-id=\"1ffa565\" data-element_type=\"container\" data-e-type=\"container\">\n\t\t\t\t<div class=\"elementor-element elementor-element-c87e057 elementor-widget elementor-widget-image\" data-id=\"c87e057\" data-element_type=\"widget\" data-e-type=\"widget\" data-widget_type=\"image.default\">\n\t\t\t\t\t\t\t\t\t\t\t\t\t\t\t<img decoding=\"async\" width=\"131\" height=\"200\" src=\"https:\/\/eyxo.com.br\/wp-content\/uploads\/2026\/03\/eyxo-eyxo-certfificado.svg\" class=\"attachment-full size-full wp-image-809\" alt=\"\" \/>\t\t\t\t\t\t\t\t\t\t\t\t\t\t\t<\/div>\n\t\t\t\t<\/div>\n\t\t<div class=\"elementor-element elementor-element-69fa009 e-con-full e-flex e-con e-child\" data-id=\"69fa009\" data-element_type=\"container\" data-e-type=\"container\">\n\t\t\t\t<div class=\"elementor-element elementor-element-f42d073 elementor-widget elementor-widget-heading\" data-id=\"f42d073\" data-element_type=\"widget\" data-e-type=\"widget\" data-widget_type=\"heading.default\">\n\t\t\t\t\t<h2 class=\"elementor-heading-title elementor-size-default\">Certified B Corporation\n<\/h2>\t\t\t\t<\/div>\n\t\t<div class=\"elementor-element elementor-element-f8be6cb e-con-full e-flex e-con e-child\" data-id=\"f8be6cb\" data-element_type=\"container\" data-e-type=\"container\">\n\t\t\t\t<div class=\"elementor-element elementor-element-c9e5cb5 elementor-widget__width-initial elementor-widget elementor-widget-text-editor\" data-id=\"c9e5cb5\" data-element_type=\"widget\" data-e-type=\"widget\" data-widget_type=\"text-editor.default\">\n\t\t\t\t\t\t\t\t\t<div class=\"center\"><div class=\"center-description appear-fade appear\"><p>Certified B Corporations are part of a global network of organizations that, in addition to being economically profitable, are committed to generating a positive impact on society and the environment.<\/p><\/div><\/div><div class=\"right appear-fade appear\"><div class=\"right-cta\">\u00a0<\/div><\/div>\t\t\t\t\t\t\t\t<\/div>\n\t\t\t\t<div class=\"elementor-element elementor-element-5e87a21 elementor-align-left elementor-widget elementor-widget-button\" data-id=\"5e87a21\" data-element_type=\"widget\" data-e-type=\"widget\" data-widget_type=\"button.default\">\n\t\t\t\t\t\t\t\t\t\t<a class=\"elementor-button elementor-button-link elementor-size-sm\" href=\"https:\/\/sistemabbrasil.org\/seja-empresa-b\" target=\"_blank\">\n\t\t\t\t\t\t<span class=\"elementor-button-content-wrapper\">\n\t\t\t\t\t\t<span class=\"elementor-button-icon\">\n\t\t\t\t<svg xmlns=\"http:\/\/www.w3.org\/2000\/svg\" width=\"24\" height=\"24\" viewbox=\"0 0 24 24\" fill=\"none\" class=\"\"><g id=\"Vector\"><path d=\"M-1.78996e-06 2.45939e-06L21.1339 0.0215991L23.9783 2.86194L24 24L21.1586 23.997L21.1369 2.85891L0.00302348 2.83552L-1.78996e-06 2.45939e-06Z\" fill=\"black\"><\/path><path d=\"M0.0228079 21.9688L2.03382 23.9769L22.2961 3.74396L20.2851 1.73586L0.0228079 21.9688Z\" fill=\"black\"><\/path><\/g><\/svg>\t\t\t<\/span>\n\t\t\t\t\t\t\t\t\t<span class=\"elementor-button-text\">What does that mean?<\/span>\n\t\t\t\t\t<\/span>\n\t\t\t\t\t<\/a>\n\t\t\t\t\t\t\t\t<\/div>\n\t\t\t\t<\/div>\n\t\t\t\t<\/div>\n\t\t\t\t\t<\/div>\n\t\t\t\t<\/div>\n\t\t<div class=\"elementor-element elementor-element-8eaad22 elementor-hidden-desktop e-flex e-con-boxed e-con e-parent\" data-id=\"8eaad22\" data-element_type=\"container\" data-e-type=\"container\">\n\t\t\t\t\t<div class=\"e-con-inner\">\n\t\t<div class=\"elementor-element elementor-element-e79ae4a e-con-full e-flex e-con e-child\" data-id=\"e79ae4a\" data-element_type=\"container\" data-e-type=\"container\">\n\t\t\t\t<div class=\"elementor-element elementor-element-e1cdead elementor-widget elementor-widget-image\" data-id=\"e1cdead\" data-element_type=\"widget\" data-e-type=\"widget\" data-widget_type=\"image.default\">\n\t\t\t\t\t\t\t\t\t\t\t\t\t\t\t<img decoding=\"async\" width=\"131\" height=\"200\" src=\"https:\/\/eyxo.com.br\/wp-content\/uploads\/2026\/03\/eyxo-eyxo-certfificado.svg\" class=\"attachment-full size-full wp-image-809\" alt=\"\" \/>\t\t\t\t\t\t\t\t\t\t\t\t\t\t\t<\/div>\n\t\t\t\t<div class=\"elementor-element elementor-element-84451b4 elementor-widget-mobile__width-initial elementor-widget elementor-widget-heading\" data-id=\"84451b4\" data-element_type=\"widget\" data-e-type=\"widget\" data-widget_type=\"heading.default\">\n\t\t\t\t\t<h2 class=\"elementor-heading-title elementor-size-default\">Certified B Corporation\n<\/h2>\t\t\t\t<\/div>\n\t\t\t\t<\/div>\n\t\t<div class=\"elementor-element elementor-element-4efd8e5 e-con-full e-flex e-con e-child\" data-id=\"4efd8e5\" data-element_type=\"container\" data-e-type=\"container\">\n\t\t<div class=\"elementor-element elementor-element-0fab5b9 e-con-full e-flex e-con e-child\" data-id=\"0fab5b9\" data-element_type=\"container\" data-e-type=\"container\">\n\t\t\t\t<div class=\"elementor-element elementor-element-296df7d elementor-widget__width-initial elementor-widget elementor-widget-text-editor\" data-id=\"296df7d\" data-element_type=\"widget\" data-e-type=\"widget\" data-widget_type=\"text-editor.default\">\n\t\t\t\t\t\t\t\t\t<div class=\"center\"><div class=\"center-description appear-fade appear\"><p>Certified B Corporations are part of a global network of organizations that, in addition to being economically profitable, are committed to generating a positive impact on society and the environment.<\/p><\/div><\/div><div class=\"right appear-fade appear\"><div class=\"right-cta\">\u00a0<\/div><\/div>\t\t\t\t\t\t\t\t<\/div>\n\t\t\t\t<div class=\"elementor-element elementor-element-87f384d elementor-align-left elementor-widget elementor-widget-button\" data-id=\"87f384d\" data-element_type=\"widget\" data-e-type=\"widget\" data-widget_type=\"button.default\">\n\t\t\t\t\t\t\t\t\t\t<a class=\"elementor-button elementor-button-link elementor-size-sm\" href=\"https:\/\/sistemabbrasil.org\/seja-empresa-b\" target=\"_blank\">\n\t\t\t\t\t\t<span class=\"elementor-button-content-wrapper\">\n\t\t\t\t\t\t<span class=\"elementor-button-icon\">\n\t\t\t\t<svg xmlns=\"http:\/\/www.w3.org\/2000\/svg\" width=\"24\" height=\"24\" viewbox=\"0 0 24 24\" fill=\"none\" class=\"\"><g id=\"Vector\"><path d=\"M-1.78996e-06 2.45939e-06L21.1339 0.0215991L23.9783 2.86194L24 24L21.1586 23.997L21.1369 2.85891L0.00302348 2.83552L-1.78996e-06 2.45939e-06Z\" fill=\"black\"><\/path><path d=\"M0.0228079 21.9688L2.03382 23.9769L22.2961 3.74396L20.2851 1.73586L0.0228079 21.9688Z\" fill=\"black\"><\/path><\/g><\/svg>\t\t\t<\/span>\n\t\t\t\t\t\t\t\t\t<span class=\"elementor-button-text\">What does that mean?<\/span>\n\t\t\t\t\t<\/span>\n\t\t\t\t\t<\/a>\n\t\t\t\t\t\t\t\t<\/div>\n\t\t\t\t<\/div>\n\t\t\t\t<\/div>\n\t\t\t\t\t<\/div>\n\t\t\t\t<\/div>\n\t\t<div class=\"elementor-element elementor-element-bb7e81c e-flex e-con-boxed elementor-invisible e-con e-parent\" data-id=\"bb7e81c\" data-element_type=\"container\" data-e-type=\"container\" data-settings=\"{&quot;background_background&quot;:&quot;classic&quot;,&quot;animation&quot;:&quot;fadeIn&quot;}\">\n\t\t\t\t\t<div class=\"e-con-inner\">\n\t\t\t\t<div class=\"elementor-element elementor-element-895d92e elementor-widget elementor-widget-heading\" data-id=\"895d92e\" data-element_type=\"widget\" data-e-type=\"widget\" data-widget_type=\"heading.default\">\n\t\t\t\t\t<h2 class=\"elementor-heading-title elementor-size-default\">WORK WITH US<\/h2>\t\t\t\t<\/div>\n\t\t\t\t<div class=\"elementor-element elementor-element-c14d641 elementor-widget__width-initial elementor-widget elementor-widget-text-editor\" data-id=\"c14d641\" data-element_type=\"widget\" data-e-type=\"widget\" data-widget_type=\"text-editor.default\">\n\t\t\t\t\t\t\t\t\t<p>We are a team of specialists who create, produce, and distribute strategic content so that brands achieve real results. We do this by valuing diversity and seeking to generate a positive impact.<\/p><p>Do you want to be part of our team? Register in our Talent Community.<\/p>\t\t\t\t\t\t\t\t<\/div>\n\t\t\t\t<div class=\"elementor-element elementor-element-5353cfc elementor-align-left elementor-widget elementor-widget-button\" data-id=\"5353cfc\" data-element_type=\"widget\" data-e-type=\"widget\" data-widget_type=\"button.default\">\n\t\t\t\t\t\t\t\t\t\t<a class=\"elementor-button elementor-button-link elementor-size-sm\" href=\"#\">\n\t\t\t\t\t\t<span class=\"elementor-button-content-wrapper\">\n\t\t\t\t\t\t<span class=\"elementor-button-icon\">\n\t\t\t\t<svg xmlns=\"http:\/\/www.w3.org\/2000\/svg\" width=\"24\" height=\"24\" viewbox=\"0 0 24 24\" fill=\"none\" class=\"\"><g id=\"Vector\"><path d=\"M-1.78996e-06 2.45939e-06L21.1339 0.0215991L23.9783 2.86194L24 24L21.1586 23.997L21.1369 2.85891L0.00302348 2.83552L-1.78996e-06 2.45939e-06Z\" fill=\"black\"><\/path><path d=\"M0.0228079 21.9688L2.03382 23.9769L22.2961 3.74396L20.2851 1.73586L0.0228079 21.9688Z\" fill=\"black\"><\/path><\/g><\/svg>\t\t\t<\/span>\n\t\t\t\t\t\t\t\t\t<span class=\"elementor-button-text\">See Vacancies<\/span>\n\t\t\t\t\t<\/span>\n\t\t\t\t\t<\/a>\n\t\t\t\t\t\t\t\t<\/div>\n\t\t\t\t\t<\/div>\n\t\t\t\t<\/div>\n\t\t\t\t<\/div>","protected":false},"excerpt":{"rendered":"<p>Somos uma Content Agency que constr\u00f3i estrat\u00e9gias de marca, atrav\u00e9s de times dedicados de conte\u00fado. Somos uma Content Agency que constr\u00f3i estrat\u00e9gias de marca, atrav\u00e9s de times dedicados de conte\u00fado. Pensamos estrat\u00e9gia, ideia e produ\u00e7\u00e3o para neg\u00f3cios de toda a Am\u00e9rica Latina. https:\/\/player.vimeo.com\/video\/1110399794?h=77a78d10d0 Empresa B Certificada As Empresas B Certificadas formam uma rede global de [&hellip;]<\/p>\n","protected":false},"author":1,"featured_media":0,"parent":0,"menu_order":0,"comment_status":"closed","ping_status":"closed","template":"","meta":{"_acf_changed":false,"footnotes":""},"class_list":["post-589","page","type-page","status-publish","hentry"],"acf":[],"_hostinger_reach_plugin_has_subscription_block":false,"_hostinger_reach_plugin_is_elementor":false,"_links":{"self":[{"href":"https:\/\/eyxo.com.br\/en\/wp-json\/wp\/v2\/pages\/589","targetHints":{"allow":["GET"]}}],"collection":[{"href":"https:\/\/eyxo.com.br\/en\/wp-json\/wp\/v2\/pages"}],"about":[{"href":"https:\/\/eyxo.com.br\/en\/wp-json\/wp\/v2\/types\/page"}],"author":[{"embeddable":true,"href":"https:\/\/eyxo.com.br\/en\/wp-json\/wp\/v2\/users\/1"}],"replies":[{"embeddable":true,"href":"https:\/\/eyxo.com.br\/en\/wp-json\/wp\/v2\/comments?post=589"}],"version-history":[{"count":63,"href":"https:\/\/eyxo.com.br\/en\/wp-json\/wp\/v2\/pages\/589\/revisions"}],"predecessor-version":[{"id":1692,"href":"https:\/\/eyxo.com.br\/en\/wp-json\/wp\/v2\/pages\/589\/revisions\/1692"}],"wp:attachment":[{"href":"https:\/\/eyxo.com.br\/en\/wp-json\/wp\/v2\/media?parent=589"}],"curies":[{"name":"wp","href":"https:\/\/api.w.org\/{rel}","templated":true}]}}